{"id":642,"date":"2024-01-17T14:25:27","date_gmt":"2024-01-17T14:25:27","guid":{"rendered":"https:\/\/consultorempresas.com\/sobre-mi\/"},"modified":"2024-02-23T08:00:21","modified_gmt":"2024-02-23T08:00:21","slug":"sobre-mi-ca","status":"publish","type":"page","link":"https:\/\/consultorempresas.com\/ca\/sobre-mi-ca\/","title":{"rendered":"Sobre mi"},"content":{"rendered":"<p>[et_pb_section fb_built=&#8221;1&#8243; custom_padding_last_edited=&#8221;on|desktop&#8221; _builder_version=&#8221;4.24.0&#8243; _module_preset=&#8221;default&#8221; custom_padding=&#8221;20px||||false|false&#8221; custom_padding_tablet=&#8221;0px||||false|false&#8221; custom_padding_phone=&#8221;0px||||false|false&#8221; global_colors_info=&#8221;{}&#8221;][et_pb_row column_structure=&#8221;1_2,1_2&#8243; use_custom_gutter=&#8221;on&#8221; gutter_width=&#8221;2&#8243; make_equal=&#8221;on&#8221; _builder_version=&#8221;4.24.0&#8243; _module_preset=&#8221;default&#8221; width=&#8221;100%&#8221; max_width=&#8221;2560px&#8221; custom_padding=&#8221;2px||0px||false|false&#8221; custom_css_main_element=&#8221;align-items:center;&#8221; global_colors_info=&#8221;{}&#8221;][et_pb_column type=&#8221;1_2&#8243; _builder_version=&#8221;4.24.0&#8243; _module_preset=&#8221;default&#8221; global_colors_info=&#8221;{}&#8221;][dnxte_minimal_image_hover image=&#8221;https:\/\/consultorempresas.com\/wp-content\/uploads\/2024\/02\/foto-arriaga-sobremi2.jpg&#8221; _builder_version=&#8221;4.24.0&#8243; _module_preset=&#8221;default&#8221; background_enable_color=&#8221;off&#8221; width=&#8221;90%&#8221; global_colors_info=&#8221;{}&#8221;][\/dnxte_minimal_image_hover][\/et_pb_column][et_pb_column type=&#8221;1_2&#8243; _builder_version=&#8221;4.24.0&#8243; _module_preset=&#8221;default&#8221; custom_padding=&#8221;|40px|||false|false&#8221; custom_padding_tablet=&#8221;|40px||40px|false|false&#8221; custom_padding_phone=&#8221;|40px||40px|false|false&#8221; custom_padding_last_edited=&#8221;on|phone&#8221; global_colors_info=&#8221;{}&#8221;][dnxte_multi_heading text_one=&#8221;S\u00f3c RICARD ARRIAGA&#8221; text_two=&#8221;Vaig tenir una empresa gaireb\u00e9 durant 30 anys, la vaig vendre amb \u00e8xit el 2020.&#8221; heading_tag=&#8221;h2&#8243; display_type_select=&#8221;on&#8221; text_one_reveal_effect=&#8221;on&#8221; text_one_reveal_color_before=&#8221;#0F1B5F&#8221; _builder_version=&#8221;4.24.2&#8243; _module_preset=&#8221;default&#8221; text_one_font=&#8221;|600|||||||&#8221; text_one_text_color=&#8221;#0F1B5F&#8221; text_one_font_size=&#8221;3vw&#8221; text_one_line_height=&#8221;1.1em&#8221; text_two_font=&#8221;|300|||||||&#8221; text_two_text_color=&#8221;#0F1B5F&#8221; text_two_font_size=&#8221;1.7vw&#8221; text_two_line_height=&#8221;1.1em&#8221; custom_margin=&#8221;||6px||false|false&#8221; custom_padding=&#8221;||||false|false&#8221; text_one_font_size_tablet=&#8221;5vw&#8221; text_one_font_size_phone=&#8221;8vw&#8221; text_one_font_size_last_edited=&#8221;on|phone&#8221; text_two_font_size_tablet=&#8221;5vw&#8221; text_two_font_size_phone=&#8221;8vw&#8221; text_two_font_size_last_edited=&#8221;on|phone&#8221; global_colors_info=&#8221;{}&#8221;][\/dnxte_multi_heading][et_pb_text _builder_version=&#8221;4.24.0&#8243; _module_preset=&#8221;default&#8221; text_font=&#8221;||||||||&#8221; text_text_color=&#8221;#0F1B5F&#8221; text_font_size=&#8221;18px&#8221; custom_padding=&#8221;||40px||false|false&#8221; global_colors_info=&#8221;{}&#8221;]<\/p>\n<p>S\u00f3c una persona que estima la seva fam\u00edlia i \u00e9s amiga dels seus amics. Sempre m&#8217;han considerat alg\u00fa en qui es pot confiar. S\u00f3c gener\u00f3s en tots els aspectes de la meva vida. Una de les coses que m&#8217;agrada m\u00e9s \u00e9s riure. Necessito fer-ho cada dia, i sovint si \u00e9s possible. M&#8217;agrada aprendre, viatjar, la tecnologia i con\u00e8ixer gent. Estar entre persones i conquerir-les \u00e9s una habilitat adquirida amb el temps.<\/p>\n<p>Sempre he gaudit de la meva fam\u00edlia. Ha estat el pilar b\u00e0sic de la meva vida. Hem anat de vacances, he assistit a festivals de l&#8217;escola. I m&#8217;he ocupat de les meves filles quan s&#8217;han posat malaltes sense preocupar-me de faltar al treball. He gaudit i patit amb elles totes les situacions que solen donar-se en una fam\u00edlia.<\/p>\n<p>Despr\u00e9s de cursar els meus estudis i llicenciar-me com a MBA a ESADE (Barcelona), vaig comen\u00e7ar la meva carrera professional treballant per a dues multinacionals com a &#8220;controller financer&#8221;. Em feia c\u00e0rrec de planificar, controlar i informar les dades econ\u00f2miques als respectius Serveis Centrals als EUA i Su\u00efssa. Les meves tasques principals eren estudiar les accions que s&#8217;executaven i fer recomanacions per millorar la rendibilitat. Supervisar el pressupost i el control de les despeses eren tamb\u00e9 tasques que ocupaven molt del meu temps, entre d\u2019altres.<\/p>\n<p>[\/et_pb_text][\/et_pb_column][\/et_pb_row][et_pb_row _builder_version=&#8221;4.24.0&#8243; _module_preset=&#8221;default&#8221; background_color=&#8221;#344392&#8243; z_index=&#8221;200&#8243; width=&#8221;75%&#8221; width_tablet=&#8221;100%&#8221; width_phone=&#8221;100%&#8221; width_last_edited=&#8221;on|phone&#8221; max_width=&#8221;2560px&#8221; custom_margin=&#8221;-20px||||false|false&#8221; custom_padding=&#8221;0px||0px||false|false&#8221; box_shadow_style=&#8221;preset3&#8243; global_colors_info=&#8221;{}&#8221;][et_pb_column type=&#8221;4_4&#8243; _builder_version=&#8221;4.24.0&#8243; _module_preset=&#8221;default&#8221; global_colors_info=&#8221;{}&#8221;][et_pb_text _builder_version=&#8221;4.24.2&#8243; _module_preset=&#8221;default&#8221; text_font=&#8221;|300|||||||&#8221; text_text_color=&#8221;#FFFFFF&#8221; text_font_size=&#8221;20px&#8221; text_line_height=&#8221;1.6em&#8221; custom_padding=&#8221;60px|60px|60px|60px|false|false&#8221; global_colors_info=&#8221;{}&#8221;]<\/p>\n<p>Per\u00f2 llavors vaig sentir que preferia tocar tots els aspectes d&#8217;una empresa, per aix\u00f2 vaig decidir a dirigir l\u2019empresa de la familia. Va ser un repte i si miro enrere veig que vaig fer b\u00e9.<\/p>\n<p>A la universitat vaig aprendre la teoria. A les dues multinacionals vaig posar en pr\u00e0ctica alguns dels coneixements adquirits. Per\u00f2 va ser el treball a la meva empresa el que em va curtir i em va convertir en un bon gestor i millor empresari. Vaig treballar en tots els camps de l&#8217;empresa, com havia estat buscant. Finances, Vendes, Producci\u00f3, Equip, Sistemes, Exportaci\u00f3. Vaig desenvolupar tamb\u00e9 un eCommerce i vaig treballar en el seu posicionament SEO.<\/p>\n<p>Al 2020, la meva fam\u00edlia i jo vam considerar que tocava vendre l&#8217;empresa. La realitat familiar era variada i no tenia sentit mantenir-la. A m\u00e9s, era molt m\u00e9s benefici\u00f3s fer-ho en aquell moment. Prendre una decisi\u00f3 aix\u00ed no va ser f\u00e0cil. Per\u00f2 es va prendre i hem sortit guanyant tots amb aix\u00f2.<\/p>\n<p>Per\u00f2 em vaig adonar que jubilar-me no entrava en els meus plans. Encara era jove. I em sentia jove encara als 58 anys.<\/p>\n<p>Vaig pensar que podria acompanyar altres empresaris a aconseguir els seus objectius. Va ser llavors quan vaig decidir formar-me com a Mentor de Negocis. Despr\u00e9s d&#8217;aprendre el negoci, vaig comen\u00e7ar a passar-ho b\u00e9 de veritat. M&#8217;adonava que hi ha molts empresaris, per\u00f2 les coses a millorar sempre s\u00f3n les mateixes.<\/p>\n<p>Vaig veure que moltes empreses creixen d&#8217;una manera desordenada i aix\u00f2 genera problemes de funcionament. I el pitjor, es perden oportunitats de negoci.<\/p>\n<p>Tamb\u00e9 em vaig adonar que a l&#8217;empresari, en general, no se li acut demanar assessorament. Consideren que anir\u00e0s a explicar-los com portar el seu negoci. I ho consideren una intromissi\u00f3. A causa d&#8217;aix\u00f2, vaig veure que he de fer un esfor\u00e7 extra perqu\u00e8 s\u00e0piguen que som el seu complement, no el seu rival. Fer-los veure que jo, sense ells, no far\u00e9 res. No faig miracles. Un Mentor de negocis \u00e9s part del teu equip. Una part especial, si vols. Per\u00f2 tindr\u00e0s en ell alg\u00fa amb qui contrastar idees. Alg\u00fa amb una visi\u00f3 externa fruit de l&#8217;experi\u00e8ncia, que t&#8217;ajudar\u00e0 a fer cr\u00e9ixer el teu negoci.<\/p>\n<p>Hi ha un moment en qu\u00e8 a tot empresari li canvia la cara quan veu que els seus objectius es compliran. I sentir-se part d&#8217;aix\u00f2 no t\u00e9 preu. Aquesta \u00e9s la meva major satisfacci\u00f3.<\/p>\n<p>[\/et_pb_text][\/et_pb_column][\/et_pb_row][\/et_pb_section][et_pb_section fb_built=&#8221;1&#8243; custom_padding_last_edited=&#8221;on|phone&#8221; _builder_version=&#8221;4.24.0&#8243; _module_preset=&#8221;default&#8221; background_color=&#8221;#F1F1F1&#8243; background_image=&#8221;https:\/\/consultorempresas.com\/wp-content\/uploads\/2024\/01\/arriaga-con-libro-min.png&#8221; background_size=&#8221;contain&#8221; background_position=&#8221;bottom_right&#8221; custom_margin=&#8221;||||false|false&#8221; custom_padding_tablet=&#8221;&#8221; custom_padding_phone=&#8221;||174px||false|false&#8221; global_module=&#8221;683&#8243; saved_tabs=&#8221;all&#8221; global_colors_info=&#8221;{}&#8221;][et_pb_row column_structure=&#8221;3_5,2_5&#8243; _builder_version=&#8221;4.23.4&#8243; _module_preset=&#8221;default&#8221; max_width=&#8221;2560px&#8221; global_colors_info=&#8221;{}&#8221;][et_pb_column type=&#8221;3_5&#8243; _builder_version=&#8221;4.23.4&#8243; _module_preset=&#8221;default&#8221; global_colors_info=&#8221;{}&#8221;][dnxte_multi_heading text_one=&#8221;Vols que t&#8217;acompanyi en aquesta aventura &#8221; text_two=&#8221;i que junts fem cr\u00e9ixer el teu negoci?&#8221; heading_tag=&#8221;h3&#8243; display_type_select=&#8221;on&#8221; text_one_reveal_effect=&#8221;on&#8221; text_one_reveal_color_before=&#8221;#0F1B5F&#8221; _builder_version=&#8221;4.24.0&#8243; _module_preset=&#8221;default&#8221; text_one_font=&#8221;|300|||||||&#8221; text_one_text_color=&#8221;#344392&#8243; text_one_font_size=&#8221;2vw&#8221; text_one_line_height=&#8221;1.1em&#8221; text_two_font=&#8221;|600|||||||&#8221; text_two_text_color=&#8221;#0F1B5F&#8221; text_two_font_size=&#8221;2.1vw&#8221; text_two_line_height=&#8221;1.1em&#8221; custom_margin=&#8221;||6px||false|false&#8221; custom_padding=&#8221;||||false|false&#8221; text_one_font_size_tablet=&#8221;5vw&#8221; text_one_font_size_phone=&#8221;8vw&#8221; text_one_font_size_last_edited=&#8221;on|phone&#8221; text_two_font_size_tablet=&#8221;5vw&#8221; text_two_font_size_phone=&#8221;8vw&#8221; text_two_font_size_last_edited=&#8221;on|phone&#8221; global_colors_info=&#8221;{}&#8221;][\/dnxte_multi_heading][et_pb_contact_form email=&#8221;info@consultorempresas.com&#8221; custom_message=&#8221;Mensaje recibido desde el formulario web ricardoarriaga.net (versi\u00f3n catal\u00e1n):||et_pb_line_break_holder||||et_pb_line_break_holder||Nombre de contacto: %%nombre%%||et_pb_line_break_holder||Email: %%email_2%%||et_pb_line_break_holder||Tel\u00e9fono: %%tel%%||et_pb_line_break_holder||Horario de llamada: %%horario%%||et_pb_line_break_holder||Mensaje: %%mensaje1%%||et_pb_line_break_holder||&#8221; success_message=&#8221;Moltes gr\u00e0cies pel teu missatge. Et respondr\u00e9 tan aviat com sigui possible.&#8221; submit_button_text=&#8221;Enviar&#8221; _builder_version=&#8221;4.24.2&#8243; _module_preset=&#8221;default&#8221; _unique_id=&#8221;907d5383-e40a-4cbe-97ee-36413ba37fa2&#8243; form_field_background_color=&#8221;#FFFFFF&#8221; form_field_text_color=&#8221;#0F1B5F&#8221; title_font_size=&#8221;26px&#8221; form_field_font=&#8221;|300|||||||&#8221; form_field_font_size=&#8221;16px&#8221; custom_button=&#8221;on&#8221; button_text_size=&#8221;18px&#8221; button_text_color=&#8221;#FFFFFF&#8221; button_bg_color=&#8221;#0F1B5F&#8221; button_border_width=&#8221;0px&#8221; button_border_radius=&#8221;0px&#8221; button_font=&#8221;|600||on|||||&#8221; button_icon=&#8221;&#x39;||divi||400&#8243; button_custom_margin=&#8221;5px||5px||true|false&#8221; button_custom_padding=&#8221;|40px||40px|false|false&#8221; custom_margin=&#8221;40px||||false|false&#8221; hover_enabled=&#8221;0&#8243; global_colors_info=&#8221;{}&#8221; sticky_enabled=&#8221;0&#8243;][et_pb_contact_field field_id=&#8221;nombre&#8221; field_title=&#8221;Nom*&#8221; _builder_version=&#8221;4.23.4&#8243; global_colors_info=&#8221;{}&#8221; button_text_size__hover_enabled=&#8221;off&#8221; button_one_text_size__hover_enabled=&#8221;off&#8221; button_two_text_size__hover_enabled=&#8221;off&#8221; button_text_color__hover_enabled=&#8221;off&#8221; button_one_text_color__hover_enabled=&#8221;off&#8221; button_two_text_color__hover_enabled=&#8221;off&#8221; button_border_width__hover_enabled=&#8221;off&#8221; button_one_border_width__hover_enabled=&#8221;off&#8221; button_two_border_width__hover_enabled=&#8221;off&#8221; button_border_color__hover_enabled=&#8221;off&#8221; button_one_border_color__hover_enabled=&#8221;off&#8221; button_two_border_color__hover_enabled=&#8221;off&#8221; button_border_radius__hover_enabled=&#8221;off&#8221; button_one_border_radius__hover_enabled=&#8221;off&#8221; button_two_border_radius__hover_enabled=&#8221;off&#8221; button_letter_spacing__hover_enabled=&#8221;off&#8221; button_one_letter_spacing__hover_enabled=&#8221;off&#8221; button_two_letter_spacing__hover_enabled=&#8221;off&#8221; button_bg_color__hover_enabled=&#8221;off&#8221; button_one_bg_color__hover_enabled=&#8221;off&#8221; button_two_bg_color__hover_enabled=&#8221;off&#8221;][\/et_pb_contact_field][et_pb_contact_field field_id=&#8221;email_2&#8243; field_title=&#8221;Correu electr\u00f2nic*&#8221; field_type=&#8221;email&#8221; _builder_version=&#8221;4.23.4&#8243; global_colors_info=&#8221;{}&#8221; button_text_size__hover_enabled=&#8221;off&#8221; button_one_text_size__hover_enabled=&#8221;off&#8221; button_two_text_size__hover_enabled=&#8221;off&#8221; button_text_color__hover_enabled=&#8221;off&#8221; button_one_text_color__hover_enabled=&#8221;off&#8221; button_two_text_color__hover_enabled=&#8221;off&#8221; button_border_width__hover_enabled=&#8221;off&#8221; button_one_border_width__hover_enabled=&#8221;off&#8221; button_two_border_width__hover_enabled=&#8221;off&#8221; button_border_color__hover_enabled=&#8221;off&#8221; button_one_border_color__hover_enabled=&#8221;off&#8221; button_two_border_color__hover_enabled=&#8221;off&#8221; button_border_radius__hover_enabled=&#8221;off&#8221; button_one_border_radius__hover_enabled=&#8221;off&#8221; button_two_border_radius__hover_enabled=&#8221;off&#8221; button_letter_spacing__hover_enabled=&#8221;off&#8221; button_one_letter_spacing__hover_enabled=&#8221;off&#8221; button_two_letter_spacing__hover_enabled=&#8221;off&#8221; button_bg_color__hover_enabled=&#8221;off&#8221; button_one_bg_color__hover_enabled=&#8221;off&#8221; button_two_bg_color__hover_enabled=&#8221;off&#8221;][\/et_pb_contact_field][et_pb_contact_field field_id=&#8221;tel&#8221; field_title=&#8221;Tel\u00e8fon*&#8221; allowed_symbols=&#8221;numbers&#8221; _builder_version=&#8221;4.23.4&#8243; global_colors_info=&#8221;{}&#8221; button_text_size__hover_enabled=&#8221;off&#8221; button_one_text_size__hover_enabled=&#8221;off&#8221; button_two_text_size__hover_enabled=&#8221;off&#8221; button_text_color__hover_enabled=&#8221;off&#8221; button_one_text_color__hover_enabled=&#8221;off&#8221; button_two_text_color__hover_enabled=&#8221;off&#8221; button_border_width__hover_enabled=&#8221;off&#8221; button_one_border_width__hover_enabled=&#8221;off&#8221; button_two_border_width__hover_enabled=&#8221;off&#8221; button_border_color__hover_enabled=&#8221;off&#8221; button_one_border_color__hover_enabled=&#8221;off&#8221; button_two_border_color__hover_enabled=&#8221;off&#8221; button_border_radius__hover_enabled=&#8221;off&#8221; button_one_border_radius__hover_enabled=&#8221;off&#8221; button_two_border_radius__hover_enabled=&#8221;off&#8221; button_letter_spacing__hover_enabled=&#8221;off&#8221; button_one_letter_spacing__hover_enabled=&#8221;off&#8221; button_two_letter_spacing__hover_enabled=&#8221;off&#8221; button_bg_color__hover_enabled=&#8221;off&#8221; button_one_bg_color__hover_enabled=&#8221;off&#8221; button_two_bg_color__hover_enabled=&#8221;off&#8221;][\/et_pb_contact_field][et_pb_contact_field field_id=&#8221;horario&#8221; field_title=&#8221;El millor horari per trucar-me*&#8221; field_type=&#8221;select&#8221; select_options=&#8221;%91{%22value%22:%22Mat\u00ed%22,%22checked%22:0,%22dragID%22:-1},{%22value%22:%22Tarda%22,%22checked%22:0,%22dragID%22:0}%93&#8243; _builder_version=&#8221;4.23.4&#8243; global_colors_info=&#8221;{}&#8221; button_text_size__hover_enabled=&#8221;off&#8221; button_one_text_size__hover_enabled=&#8221;off&#8221; button_two_text_size__hover_enabled=&#8221;off&#8221; button_text_color__hover_enabled=&#8221;off&#8221; button_one_text_color__hover_enabled=&#8221;off&#8221; button_two_text_color__hover_enabled=&#8221;off&#8221; button_border_width__hover_enabled=&#8221;off&#8221; button_one_border_width__hover_enabled=&#8221;off&#8221; button_two_border_width__hover_enabled=&#8221;off&#8221; button_border_color__hover_enabled=&#8221;off&#8221; button_one_border_color__hover_enabled=&#8221;off&#8221; button_two_border_color__hover_enabled=&#8221;off&#8221; button_border_radius__hover_enabled=&#8221;off&#8221; button_one_border_radius__hover_enabled=&#8221;off&#8221; button_two_border_radius__hover_enabled=&#8221;off&#8221; button_letter_spacing__hover_enabled=&#8221;off&#8221; button_one_letter_spacing__hover_enabled=&#8221;off&#8221; button_two_letter_spacing__hover_enabled=&#8221;off&#8221; button_bg_color__hover_enabled=&#8221;off&#8221; button_one_bg_color__hover_enabled=&#8221;off&#8221; button_two_bg_color__hover_enabled=&#8221;off&#8221;][\/et_pb_contact_field][et_pb_contact_field field_id=&#8221;mensaje1&#8243; field_title=&#8221;Explicaci\u00f3*&#8221; field_type=&#8221;text&#8221; fullwidth_field=&#8221;on&#8221; _builder_version=&#8221;4.24.1&#8243; global_colors_info=&#8221;{}&#8221; button_text_size__hover_enabled=&#8221;off&#8221; button_one_text_size__hover_enabled=&#8221;off&#8221; button_two_text_size__hover_enabled=&#8221;off&#8221; button_text_color__hover_enabled=&#8221;off&#8221; button_one_text_color__hover_enabled=&#8221;off&#8221; button_two_text_color__hover_enabled=&#8221;off&#8221; button_border_width__hover_enabled=&#8221;off&#8221; button_one_border_width__hover_enabled=&#8221;off&#8221; button_two_border_width__hover_enabled=&#8221;off&#8221; button_border_color__hover_enabled=&#8221;off&#8221; button_one_border_color__hover_enabled=&#8221;off&#8221; button_two_border_color__hover_enabled=&#8221;off&#8221; button_border_radius__hover_enabled=&#8221;off&#8221; button_one_border_radius__hover_enabled=&#8221;off&#8221; button_two_border_radius__hover_enabled=&#8221;off&#8221; button_letter_spacing__hover_enabled=&#8221;off&#8221; button_one_letter_spacing__hover_enabled=&#8221;off&#8221; button_two_letter_spacing__hover_enabled=&#8221;off&#8221; button_bg_color__hover_enabled=&#8221;off&#8221; button_one_bg_color__hover_enabled=&#8221;off&#8221; button_two_bg_color__hover_enabled=&#8221;off&#8221;][\/et_pb_contact_field][et_pb_contact_field field_id=&#8221;privacidad&#8221; field_title=&#8221; &#8221; field_type=&#8221;checkbox&#8221; checkbox_options=&#8221;%91{%22value%22:%22 He llegit i accepto la Pol\u00edtica de Privadesa%22,%22checked%22:0,%22dragID%22:-1,%22link_url%22:%22https:\/\/consultorempresas.com\/ca\/politica-de-privacidad\/%22}%93&#8243; fullwidth_field=&#8221;on&#8221; _builder_version=&#8221;4.24.1&#8243; _module_preset=&#8221;default&#8221; global_colors_info=&#8221;{}&#8221;][\/et_pb_contact_field][\/et_pb_contact_form][\/et_pb_column][et_pb_column type=&#8221;2_5&#8243; _builder_version=&#8221;4.23.4&#8243; _module_preset=&#8221;default&#8221; global_colors_info=&#8221;{}&#8221;][et_pb_text _builder_version=&#8221;4.23.4&#8243; _module_preset=&#8221;default&#8221; height_tablet=&#8221;50vh&#8221; height_phone=&#8221;50px&#8221; height_last_edited=&#8221;on|phone&#8221; global_colors_info=&#8221;{}&#8221;][\/et_pb_text][\/et_pb_column][\/et_pb_row][\/et_pb_section]<\/p>\n","protected":false},"excerpt":{"rendered":"<p><div class=\"et_pb_module dnxte_minimal_image_hover dnxte_minimal_image_hover_0\">\n\t\t\t\t\n\t\t\t\t\n\t\t\t\t\n\t\t\t\t\n\t\t\t\t\n\t\t\t\t\n\t\t\t\t<div class=\"et_pb_module_inner\">\n\t\t\t\t\t<div class=\"dnext-neip-mih-hover-effect dnext-neip-mih-push-up\">\r\n\t\t\t\t<figure><img decoding=\"async\" src=\"https:\/\/consultorempresas.com\/wp-content\/uploads\/2024\/02\/foto-arriaga-sobremi2.jpg\" alt=\"\" srcset=\"https:\/\/consultorempresas.com\/wp-content\/uploads\/2024\/02\/foto-arriaga-sobremi2.jpg 1000w, https:\/\/consultorempresas.com\/wp-content\/uploads\/2024\/02\/foto-arriaga-sobremi2-980x1176.jpg 980w, https:\/\/consultorempresas.com\/wp-content\/uploads\/2024\/02\/foto-arriaga-sobremi2-480x576.jpg 480w\" sizes=\"(min-width: 0px) and (max-width: 480px) 480px, (min-width: 481px) and (max-width: 980px) 980px, (min-width: 981px) 1000px, 100vw\" class=\"img-fluid\" \/><\/figure>\r\n\t\t\t<\/div>\n\t\t\t\t<\/div>\n\t\t\t<\/div><div class=\"et_pb_module dnxte_multi_heading dnxte_multi_heading_0\">\n\t\t\t\t\n\t\t\t\t\n\t\t\t\t\n\t\t\t\t\n\t\t\t\t\n\t\t\t\t\n\t\t\t\t<div class=\"et_pb_module_inner\">\n\t\t\t\t\t<div class=\"wrapper\"><h2 class='header-level '><span class=\"dnxt-text-one reveal-effect masker wow\"><span class=\"dnxt-gradient-text-color-1\">S\u00f3c RICARD ARRIAGA<\/span><\/span><span class=\"dnxt-text-two \"><span class=\"dnxt-gradient-text-color-2\">Vaig tenir una empresa gaireb\u00e9 durant 30 anys, la vaig vendre amb \u00e8xit el 2020.<\/span><\/span><\/h2><\/div>\n\t\t\t\t<\/div>\n\t\t\t<\/div>S\u00f3c una persona que estima la seva fam\u00edlia [&hellip;]<\/p>\n","protected":false},"author":1,"featured_media":0,"parent":0,"menu_order":0,"comment_status":"closed","ping_status":"closed","template":"","meta":{"_et_pb_use_builder":"on","_et_pb_old_content":"<!-- wp:divi\/placeholder \/-->","_et_gb_content_width":"","footnotes":""},"class_list":["post-642","page","type-page","status-publish","hentry"],"_links":{"self":[{"href":"https:\/\/consultorempresas.com\/ca\/wp-json\/wp\/v2\/pages\/642","targetHints":{"allow":["GET"]}}],"collection":[{"href":"https:\/\/consultorempresas.com\/ca\/wp-json\/wp\/v2\/pages"}],"about":[{"href":"https:\/\/consultorempresas.com\/ca\/wp-json\/wp\/v2\/types\/page"}],"author":[{"embeddable":true,"href":"https:\/\/consultorempresas.com\/ca\/wp-json\/wp\/v2\/users\/1"}],"replies":[{"embeddable":true,"href":"https:\/\/consultorempresas.com\/ca\/wp-json\/wp\/v2\/comments?post=642"}],"version-history":[{"count":0,"href":"https:\/\/consultorempresas.com\/ca\/wp-json\/wp\/v2\/pages\/642\/revisions"}],"wp:attachment":[{"href":"https:\/\/consultorempresas.com\/ca\/wp-json\/wp\/v2\/media?parent=642"}],"curies":[{"name":"wp","href":"https:\/\/api.w.org\/{rel}","templated":true}]}}